{"id":25,"date":"2015-10-15T21:10:21","date_gmt":"2015-10-15T19:10:21","guid":{"rendered":"http:\/\/wordpress.mtvi-turnen.de\/?page_id=25"},"modified":"2026-01-17T14:58:11","modified_gmt":"2026-01-17T13:58:11","slug":"kurse","status":"publish","type":"page","link":"https:\/\/mtvi-turnen.de\/wp_turnen\/kurse\/","title":{"rendered":"\u00dcber die Turnsparte"},"content":{"rendered":"<p>Die Turnsparte des MTV Isenb\u00fcttel besteht derzeit aus \u00fcber 660 Mitgliedern (Stand: Januar 2024), circa eine H\u00e4lfte sind Erwachsene und die andere Kinder und Jugendliche. Die Mitglieder verteilen sich auf \u00fcber 35 unterschiedliche Gruppen mit aktuell \u00fcber 25 \u00dcbungsleitern.<\/p>\n<p>Die Spartenumlage betr\u00e4gt 1,00 Euro.<\/p>\n<h2><strong>Die Aufgaben in der Sparte verteilen sich wie folgt:<\/strong><\/h2>\n<ul>\n<li>Gesamtleitung: Pauline Schulz <a href=\"mailto:pauline.schulz3074@web.de\">pauline.schulz3074@web.de<\/a><\/li>\n<li><span style=\"font-size: revert;\">Bereich Erwachsene: Ronja Sch\u00f6nfisch <\/span><a style=\"font-size: revert;\" href=\"mailto:ronja.schoenfisch@freenet.de\">ronja.schoenfisch@freenet.de<\/a><\/li>\n<li><span style=\"font-size: revert;\">Bereich Jugend: Meike Schirmer <\/span><a style=\"font-size: revert;\" href=\"mailto:meikefunck@googlemail.com\">meikefunck@googlemail.com<\/a><\/li>\n<li><span style=\"font-size: revert;\">Kasse: Simone Schroedter <\/span><\/li>\n<li><span style=\"font-size: revert;\">Abrechnungen &amp; Finanzplan: Ann Katrin Rehbock <\/span><\/li>\n<li><span style=\"font-size: revert;\">Homepage:<\/span>\n<ul>\n<li><span style=\"font-size: revert;\">Meike Schirmer <\/span><a style=\"font-size: revert;\" href=\"mailto:meikefunck@googlemail.com\">meikefunck@googlemail.com<\/a><\/li>\n<li><span style=\"font-size: revert;\">Maike Markhardt <\/span><a style=\"font-size: revert;\" href=\"mailto:Maike.Lackmann@googlemail.com\">Maike.Lackmann@googlemail.com<\/a><\/li>\n<\/ul>\n<\/li>\n<\/ul>\n<h2><strong>Folgende \u00dcbungsst\u00e4tten stehen zur Verf\u00fcgung:<\/strong><\/h2>\n<ul>\n<li>Die gro\u00dfe Schulsporthalle (Zweifeld-Halle): Schulstra\u00dfe 31 <a href=\"https:\/\/goo.gl\/maps\/WJ6iI\">(Auf Google Maps)<\/a><\/li>\n<li>Die kleine Schulsporthalle (Einfeld-Halle): Schulstra\u00dfe 31 <a href=\"https:\/\/goo.gl\/maps\/WJ6iI\">(Auf Google Maps)<\/a><\/li>\n<li>Sporthalle im Sportheim des MTV Isenb\u00fcttel: Schulstra\u00dfe 36 <a href=\"https:\/\/goo.gl\/maps\/SfAsC\">(Auf Google Maps)<\/a><\/li>\n<li>Spinningraum im Sportheim des MTV Isenb\u00fcttel: Schulstra\u00dfe 36 (2. Stock) <a href=\"https:\/\/goo.gl\/maps\/SfAsC\">(Auf Google Maps)<\/a><\/li>\n<\/ul>\n<h2><strong>Konto-Daten f\u00fcr 10er Karten und Kurs-Geb\u00fchren<\/strong><\/h2>\n<p>IBAN: <span style=\"color: #000000;\">DE89 2699 1066 3702 8390 02<\/span><\/p>\n<p>BIC: GENODEF1WOB (Volksbank BraWo)<\/p>\n","protected":false},"excerpt":{"rendered":"<p>Die Turnsparte des MTV Isenb\u00fcttel besteht derzeit aus \u00fcber 660 Mitgliedern (Stand: Januar 2024), circa eine H\u00e4lfte sind Erwachsene und die andere Kinder und Jugendliche. Die Mitglieder verteilen sich auf \u00fcber 35 unterschiedliche Gruppen mit aktuell \u00fcber 25 \u00dcbungsleitern. Die &hellip; <a href=\"https:\/\/mtvi-turnen.de\/wp_turnen\/kurse\/\">Weiterlesen <span class=\"meta-nav\">&rarr;<\/span><\/a><\/p>\n","protected":false},"author":1,"featured_media":0,"parent":0,"menu_order":6,"comment_status":"closed","ping_status":"closed","template":"sidebar-page.php","meta":{"footnotes":""},"class_list":["post-25","page","type-page","status-publish","hentry"],"_links":{"self":[{"href":"https:\/\/mtvi-turnen.de\/wp_turnen\/wp-json\/wp\/v2\/pages\/25","targetHints":{"allow":["GET"]}}],"collection":[{"href":"https:\/\/mtvi-turnen.de\/wp_turnen\/wp-json\/wp\/v2\/pages"}],"about":[{"href":"https:\/\/mtvi-turnen.de\/wp_turnen\/wp-json\/wp\/v2\/types\/page"}],"author":[{"embeddable":true,"href":"https:\/\/mtvi-turnen.de\/wp_turnen\/wp-json\/wp\/v2\/users\/1"}],"replies":[{"embeddable":true,"href":"https:\/\/mtvi-turnen.de\/wp_turnen\/wp-json\/wp\/v2\/comments?post=25"}],"version-history":[{"count":23,"href":"https:\/\/mtvi-turnen.de\/wp_turnen\/wp-json\/wp\/v2\/pages\/25\/revisions"}],"predecessor-version":[{"id":2833,"href":"https:\/\/mtvi-turnen.de\/wp_turnen\/wp-json\/wp\/v2\/pages\/25\/revisions\/2833"}],"wp:attachment":[{"href":"https:\/\/mtvi-turnen.de\/wp_turnen\/wp-json\/wp\/v2\/media?parent=25"}],"curies":[{"name":"wp","href":"https:\/\/api.w.org\/{rel}","templated":true}]}}